{"id":7025,"date":"2025-10-14T20:23:04","date_gmt":"2025-10-14T20:23:04","guid":{"rendered":"https:\/\/rasadnikagrobole.com\/product\/crno-grozdje-misel\/"},"modified":"2026-01-11T17:52:31","modified_gmt":"2026-01-11T17:52:31","slug":"crno-grozdje-misel","status":"publish","type":"product","link":"https:\/\/rasadnikagrobole.com\/en\/product\/crno-grozdje-misel\/","title":{"rendered":"Crno gro\u017e\u0111e Mi\u0161el"},"content":{"rendered":"","protected":false},"excerpt":{"rendered":"<h4>Za sve informacije o sorti, ceni i samoj sadnici pozovite <a href=\"tel:+38162479743\">062479743<\/a> &#8211; Bole.<\/h4>","protected":false},"featured_media":7035,"comment_status":"open","ping_status":"closed","template":"","meta":{"_acf_changed":false,"content-type":""},"pwb-brand":[],"product_brand":[],"product_cat":[202,199,198],"product_tag":[],"class_list":{"0":"post-7025","1":"product","2":"type-product","3":"status-publish","4":"has-post-thumbnail","6":"product_cat-crno-grozdje","7":"product_cat-stone-sorte","8":"product_cat-vinova-loza","10":"first","11":"instock","12":"taxable","13":"shipping-taxable","14":"purchasable","15":"product-type-simple"},"acf":[],"brands":[],"_links":{"self":[{"href":"https:\/\/rasadnikagrobole.com\/en\/wp-json\/wp\/v2\/product\/7025","targetHints":{"allow":["GET"]}}],"collection":[{"href":"https:\/\/rasadnikagrobole.com\/en\/wp-json\/wp\/v2\/product"}],"about":[{"href":"https:\/\/rasadnikagrobole.com\/en\/wp-json\/wp\/v2\/types\/product"}],"replies":[{"embeddable":true,"href":"https:\/\/rasadnikagrobole.com\/en\/wp-json\/wp\/v2\/comments?post=7025"}],"wp:featuredmedia":[{"embeddable":true,"href":"https:\/\/rasadnikagrobole.com\/en\/wp-json\/wp\/v2\/media\/7035"}],"wp:attachment":[{"href":"https:\/\/rasadnikagrobole.com\/en\/wp-json\/wp\/v2\/media?parent=7025"}],"wp:term":[{"taxonomy":"pwb-brand","embeddable":true,"href":"https:\/\/rasadnikagrobole.com\/en\/wp-json\/wp\/v2\/pwb-brand?post=7025"},{"taxonomy":"product_brand","embeddable":true,"href":"https:\/\/rasadnikagrobole.com\/en\/wp-json\/wp\/v2\/product_brand?post=7025"},{"taxonomy":"product_cat","embeddable":true,"href":"https:\/\/rasadnikagrobole.com\/en\/wp-json\/wp\/v2\/product_cat?post=7025"},{"taxonomy":"product_tag","embeddable":true,"href":"https:\/\/rasadnikagrobole.com\/en\/wp-json\/wp\/v2\/product_tag?post=7025"}],"curies":[{"name":"wp","href":"https:\/\/api.w.org\/{rel}","templated":true}]}}