{"id":6442,"date":"2025-09-06T17:53:32","date_gmt":"2025-09-06T17:53:32","guid":{"rendered":"https:\/\/rasadnikagrobole.com\/product\/lesnik-zbunasti-jednogodisnji\/"},"modified":"2026-01-11T17:52:28","modified_gmt":"2026-01-11T17:52:28","slug":"lesnik-zbunasti-jednogodisnji","status":"publish","type":"product","link":"https:\/\/rasadnikagrobole.com\/en\/product\/lesnik-zbunasti-jednogodisnji\/","title":{"rendered":"Le\u0161nik \u017dbunasti, jednogodi\u0161nji"},"content":{"rendered":"","protected":false},"excerpt":{"rendered":"<h4>Za sve informacije o sorti, ceni i samoj sadnici pozovite <a href=\"tel:+38162479743\">062479743<\/a> &#8211; Bole.<\/h4>","protected":false},"featured_media":6889,"comment_status":"open","ping_status":"closed","template":"","meta":{"_acf_changed":false,"content-type":""},"pwb-brand":[],"product_brand":[],"product_cat":[80,82],"product_tag":[],"class_list":{"0":"post-6442","1":"product","2":"type-product","3":"status-publish","4":"has-post-thumbnail","6":"product_cat-kostunjavo-voce","7":"product_cat-lesnik","9":"first","10":"instock","11":"taxable","12":"shipping-taxable","13":"purchasable","14":"product-type-simple"},"acf":[],"brands":[],"_links":{"self":[{"href":"https:\/\/rasadnikagrobole.com\/en\/wp-json\/wp\/v2\/product\/6442","targetHints":{"allow":["GET"]}}],"collection":[{"href":"https:\/\/rasadnikagrobole.com\/en\/wp-json\/wp\/v2\/product"}],"about":[{"href":"https:\/\/rasadnikagrobole.com\/en\/wp-json\/wp\/v2\/types\/product"}],"replies":[{"embeddable":true,"href":"https:\/\/rasadnikagrobole.com\/en\/wp-json\/wp\/v2\/comments?post=6442"}],"wp:featuredmedia":[{"embeddable":true,"href":"https:\/\/rasadnikagrobole.com\/en\/wp-json\/wp\/v2\/media\/6889"}],"wp:attachment":[{"href":"https:\/\/rasadnikagrobole.com\/en\/wp-json\/wp\/v2\/media?parent=6442"}],"wp:term":[{"taxonomy":"pwb-brand","embeddable":true,"href":"https:\/\/rasadnikagrobole.com\/en\/wp-json\/wp\/v2\/pwb-brand?post=6442"},{"taxonomy":"product_brand","embeddable":true,"href":"https:\/\/rasadnikagrobole.com\/en\/wp-json\/wp\/v2\/product_brand?post=6442"},{"taxonomy":"product_cat","embeddable":true,"href":"https:\/\/rasadnikagrobole.com\/en\/wp-json\/wp\/v2\/product_cat?post=6442"},{"taxonomy":"product_tag","embeddable":true,"href":"https:\/\/rasadnikagrobole.com\/en\/wp-json\/wp\/v2\/product_tag?post=6442"}],"curies":[{"name":"wp","href":"https:\/\/api.w.org\/{rel}","templated":true}]}}